{"id":35,"date":"2014-10-17T22:18:07","date_gmt":"2014-10-17T20:18:07","guid":{"rendered":"https:\/\/engel-fuer-kinder.de\/afc\/?page_id=35"},"modified":"2024-05-07T16:11:22","modified_gmt":"2024-05-07T15:11:22","slug":"impressum","status":"publish","type":"page","link":"https:\/\/engel-fuer-kinder.de\/en\/impressum\/","title":{"rendered":"Disclaimer"},"content":{"rendered":"<h2>Anbieterinformation<\/h2>\n<p>Diese Website ist ein Angebot der Stiftung &#8220;Engel f\u00fcr Kinder&#8221;, im folgenden kurz als \u201eAfC\u201d bezeichnet. AfC ist eine Stiftung des b\u00fcrgerlichen Rechts gem\u00e4\u00df \u00a7\u00a780, 81 BGB mit Sitz in Weiherhammer. Anerkennungsurkunde der Regierung der Oberpfalz, Regensburg, 29. Oktober 2003.<\/p>\n<p>&nbsp;<\/p>\n<h2>Post-Anschrift<\/h2>\n<p>Engel f\u00fcr Kinder<br \/>\nPaul-Engel-Str. 1<br \/>\nD-92729 Weiherhammer<br \/>\nTel.: 09605 \/ 919 9434<br \/>\nFax: 09605 \/ 919 106<br \/>\nE-mail: <a href=\"mailto:info@engelfuerkinder.de\">info@engelfuerkinder.de<\/a><\/p>\n<p>&nbsp;<\/p>\n<h2>Stiftungsvorst\u00e4nde<\/h2>\n<p>Herr Christian Engel<br \/>\nFrau Sonja Pr\u00fcll<\/p>\n<p>&nbsp;<\/p>\n<h2>Hinweise zum Datenschutz<\/h2>\n<p>F\u00fcr AfC ist der Schutz personenbezogener Daten von Bedeutung. Wir m\u00f6chten Sie deshalb an dieser Stelle dar\u00fcber informieren, auf welche Weise wir Ihre Privatsph\u00e4re sch\u00fctzen, wenn Sie uns Ihre personenbezogenen Daten zur Verf\u00fcgung stellen. Neben der selbstverst\u00e4ndlichen Einhaltung der gesetzlichen Bestimmungen zum Datenschutz m\u00f6chten wir uns mit diesen Hinweisen auch zum verantwortungsvollen Umgang mit Ihren Daten verpflichten, so dass Ihre Privatsph\u00e4re zu jeder Zeit gesch\u00fctzt bleibt.<\/p>\n<p>Bei der Nutzung unserer Dienste werden Sie eventuell um die Angabe pers\u00f6nlicher Daten gebeten. Die Beantwortung dieser Fragen ist freiwillig. Ihre pers\u00f6nlichen Daten werden entsprechend dem Zweck ihrer Erhebung verwendet. Es ist dies der Zweck der Bearbeitung Ihrer Anfragen. Wir verwenden diese personenbezogenen Daten ausschlie\u00dflich zu dem oben genannten Zweck. Eine Weitergabe Ihrer Daten an Dritte erfolgt nicht.<\/p>\n<p>Auf Ihre Anforderung hin teilen wir Ihnen m\u00f6glichst umgehend schriftlich und nach dem geltendem Recht entsprechend mit, ob und welche pers\u00f6nlichen Daten \u00fcber Sie bei uns gespeichert sind. F\u00fcr den Fall, dass falsche Informationen gespeichert sind, werden wir diese auf Ihre Aufforderung hin berichtigen.<\/p>\n<p>Wenn Sie auf die Internetseite von AfC zugreifen, werden automatisch Informationen allgemeiner Natur erfasst. Es handelt sich hierbei nicht um eine spezielle Funktion der Internetseite von AfC. Diese Daten werden ebenso beim Zugriff auf jede andere Internetseite generiert. Diese Informationen beinhalten zum Beispiel die Art Ihres Webbrowsers, das verwendete Betriebssystem und die eingestellte Sprache Ihres Internetbrowsers. AfC benutzt diese Daten, um das Webangebot fortlaufend zu verbessern.<\/p>\n<h2><\/h2>\n<h2>Bildrechte<\/h2>\n<p>AfC \u00fcbertr\u00e4gt keine Rechte an Bildmaterial, das vom Benutzer heruntergeladen oder verwendet wird. Freie Nutzungsrechte an Bildmaterial sind lediglich der Presse vorbehalten. Eine Nutzung f\u00fcr kommerzielle Zwecke bedarf einer vorherigen Genehmigung durch AfC.<\/p>\n","protected":false},"excerpt":{"rendered":"<p>Anbieterinformation Diese Website ist ein Angebot der Stiftung &#8220;Engel f\u00fcr Kinder&#8221;, im folgenden kurz als \u201eAfC\u201d bezeichnet. AfC ist eine Stiftung des b\u00fcrgerlichen Rechts gem\u00e4\u00df \u00a7\u00a780, 81 BGB mit Sitz in Weiherhammer. Anerkennungsurkunde der Regierung der Oberpfalz, Regensburg, 29. Oktober 2003. &nbsp; Post-Anschrift Engel f\u00fcr Kinder Paul-Engel-Str. 1 D-92729 Weiherhammer [&hellip;]<\/p>\n","protected":false},"author":1,"featured_media":0,"parent":0,"menu_order":0,"comment_status":"closed","ping_status":"closed","template":"template-full-width.php","meta":{"footnotes":""},"class_list":["post-35","page","type-page","status-publish","hentry"],"yoast_head":"<!-- This site is optimized with the Yoast SEO plugin v24.3 - https:\/\/yoast.com\/wordpress\/plugins\/seo\/ -->\n<title>Disclaimer - Angels for Children (EN)<\/title>\n<meta name=\"robots\" content=\"index, follow, max-snippet:-1, max-image-preview:large, max-video-preview:-1\" \/>\n<link rel=\"canonical\" href=\"https:\/\/engel-fuer-kinder.de\/en\/impressum\/\" \/>\n<meta property=\"og:locale\" content=\"en_GB\" \/>\n<meta property=\"og:type\" content=\"article\" \/>\n<meta property=\"og:title\" content=\"Disclaimer - Angels for Children (EN)\" \/>\n<meta property=\"og:description\" content=\"Anbieterinformation Diese Website ist ein Angebot der Stiftung &#8220;Engel f\u00fcr Kinder&#8221;, im folgenden kurz als \u201eAfC\u201d bezeichnet. AfC ist eine Stiftung des b\u00fcrgerlichen Rechts gem\u00e4\u00df \u00a7\u00a780, 81 BGB mit Sitz in Weiherhammer. Anerkennungsurkunde der Regierung der Oberpfalz, Regensburg, 29. Oktober 2003. &nbsp; Post-Anschrift Engel f\u00fcr Kinder Paul-Engel-Str. 1 D-92729 Weiherhammer [&hellip;]\" \/>\n<meta property=\"og:url\" content=\"https:\/\/engel-fuer-kinder.de\/en\/impressum\/\" \/>\n<meta property=\"og:site_name\" content=\"Angels for Children (EN)\" \/>\n<meta property=\"article:modified_time\" content=\"2024-05-07T15:11:22+00:00\" \/>\n<meta name=\"twitter:card\" content=\"summary_large_image\" \/>\n<meta name=\"twitter:label1\" content=\"Estimated reading time\" \/>\n\t<meta name=\"twitter:data1\" content=\"2 minutes\" \/>\n<script type=\"application\/ld+json\" class=\"yoast-schema-graph\">{\"@context\":\"https:\/\/schema.org\",\"@graph\":[{\"@type\":\"WebPage\",\"@id\":\"https:\/\/engel-fuer-kinder.de\/en\/impressum\/\",\"url\":\"https:\/\/engel-fuer-kinder.de\/en\/impressum\/\",\"name\":\"Disclaimer - Angels for Children (EN)\",\"isPartOf\":{\"@id\":\"https:\/\/engel-fuer-kinder.de\/en\/#website\"},\"datePublished\":\"2014-10-17T20:18:07+00:00\",\"dateModified\":\"2024-05-07T15:11:22+00:00\",\"inLanguage\":\"en-GB\",\"potentialAction\":[{\"@type\":\"ReadAction\",\"target\":[\"https:\/\/engel-fuer-kinder.de\/en\/impressum\/\"]}]},{\"@type\":\"WebSite\",\"@id\":\"https:\/\/engel-fuer-kinder.de\/en\/#website\",\"url\":\"https:\/\/engel-fuer-kinder.de\/en\/\",\"name\":\"Angels for Children (EN)\",\"description\":\"Angels for Children\",\"potentialAction\":[{\"@type\":\"SearchAction\",\"target\":{\"@type\":\"EntryPoint\",\"urlTemplate\":\"https:\/\/engel-fuer-kinder.de\/en\/?s={search_term_string}\"},\"query-input\":{\"@type\":\"PropertyValueSpecification\",\"valueRequired\":true,\"valueName\":\"search_term_string\"}}],\"inLanguage\":\"en-GB\"}]}<\/script>\n<!-- \/ Yoast SEO plugin. -->","yoast_head_json":{"title":"Disclaimer - Angels for Children (EN)","robots":{"index":"index","follow":"follow","max-snippet":"max-snippet:-1","max-image-preview":"max-image-preview:large","max-video-preview":"max-video-preview:-1"},"canonical":"https:\/\/engel-fuer-kinder.de\/en\/impressum\/","og_locale":"en_GB","og_type":"article","og_title":"Disclaimer - Angels for Children (EN)","og_description":"Anbieterinformation Diese Website ist ein Angebot der Stiftung &#8220;Engel f\u00fcr Kinder&#8221;, im folgenden kurz als \u201eAfC\u201d bezeichnet. AfC ist eine Stiftung des b\u00fcrgerlichen Rechts gem\u00e4\u00df \u00a7\u00a780, 81 BGB mit Sitz in Weiherhammer. Anerkennungsurkunde der Regierung der Oberpfalz, Regensburg, 29. Oktober 2003. &nbsp; Post-Anschrift Engel f\u00fcr Kinder Paul-Engel-Str. 1 D-92729 Weiherhammer [&hellip;]","og_url":"https:\/\/engel-fuer-kinder.de\/en\/impressum\/","og_site_name":"Angels for Children (EN)","article_modified_time":"2024-05-07T15:11:22+00:00","twitter_card":"summary_large_image","twitter_misc":{"Estimated reading time":"2 minutes"},"schema":{"@context":"https:\/\/schema.org","@graph":[{"@type":"WebPage","@id":"https:\/\/engel-fuer-kinder.de\/en\/impressum\/","url":"https:\/\/engel-fuer-kinder.de\/en\/impressum\/","name":"Disclaimer - Angels for Children (EN)","isPartOf":{"@id":"https:\/\/engel-fuer-kinder.de\/en\/#website"},"datePublished":"2014-10-17T20:18:07+00:00","dateModified":"2024-05-07T15:11:22+00:00","inLanguage":"en-GB","potentialAction":[{"@type":"ReadAction","target":["https:\/\/engel-fuer-kinder.de\/en\/impressum\/"]}]},{"@type":"WebSite","@id":"https:\/\/engel-fuer-kinder.de\/en\/#website","url":"https:\/\/engel-fuer-kinder.de\/en\/","name":"Angels for Children (EN)","description":"Angels for Children","potentialAction":[{"@type":"SearchAction","target":{"@type":"EntryPoint","urlTemplate":"https:\/\/engel-fuer-kinder.de\/en\/?s={search_term_string}"},"query-input":{"@type":"PropertyValueSpecification","valueRequired":true,"valueName":"search_term_string"}}],"inLanguage":"en-GB"}]}},"_links":{"self":[{"href":"https:\/\/engel-fuer-kinder.de\/en\/wp-json\/wp\/v2\/pages\/35","targetHints":{"allow":["GET"]}}],"collection":[{"href":"https:\/\/engel-fuer-kinder.de\/en\/wp-json\/wp\/v2\/pages"}],"about":[{"href":"https:\/\/engel-fuer-kinder.de\/en\/wp-json\/wp\/v2\/types\/page"}],"author":[{"embeddable":true,"href":"https:\/\/engel-fuer-kinder.de\/en\/wp-json\/wp\/v2\/users\/1"}],"replies":[{"embeddable":true,"href":"https:\/\/engel-fuer-kinder.de\/en\/wp-json\/wp\/v2\/comments?post=35"}],"version-history":[{"count":6,"href":"https:\/\/engel-fuer-kinder.de\/en\/wp-json\/wp\/v2\/pages\/35\/revisions"}],"predecessor-version":[{"id":3827,"href":"https:\/\/engel-fuer-kinder.de\/en\/wp-json\/wp\/v2\/pages\/35\/revisions\/3827"}],"wp:attachment":[{"href":"https:\/\/engel-fuer-kinder.de\/en\/wp-json\/wp\/v2\/media?parent=35"}],"curies":[{"name":"wp","href":"https:\/\/api.w.org\/{rel}","templated":true}]}}