{"id":2277,"date":"2016-06-27T10:54:39","date_gmt":"2016-06-27T09:54:39","guid":{"rendered":"https:\/\/engel-fuer-kinder.de\/?page_id=2277"},"modified":"2024-05-07T15:50:56","modified_gmt":"2024-05-07T14:50:56","slug":"presseberichte","status":"publish","type":"page","link":"https:\/\/engel-fuer-kinder.de\/en\/presseberichte\/","title":{"rendered":"Press releases"},"content":{"rendered":"<p>Press releases on the foundation&#8217;s work, in German and English language:<\/p>\n<p>&nbsp;<\/p>\n<ul>\n<li>Onetz 24.04.2024: <a href=\"https:\/\/www.onetz.de\/oberpfalz\/weiherhammer\/ueberraschende-ankuendigung-ende-konzertes-teeniechors-weiherhammer-id4744208.html\" target=\"_blank\" rel=\"noopener\">&#8220;\u00dcberraschende Ank\u00fcndigung am Ende des Konzertes des Teeniechors in Weiherhammer&#8221;<\/a><\/li>\n<li>Oberpfalzecho 01.03.2024: <a href=\"https:\/\/www.oberpfalzecho.de\/beitrag\/vom\u00ad-mittellosen-schueler-zum-erfolgreichen-\u00adfacharbeiter\" target=\"_blank\" rel=\"noopener\">&#8220;Vom mittellosen Sch\u00fcler zum erfolgreichen Facharbeiter&#8221;<\/a><\/li>\n<li>Nachrichten Oberpfalz 16.12.2023: <a href=\"https:\/\/www.nachrichten-oberpfalz.de\/stiftung-engel-fuer-kinder-feiert-20-jahre-des-engagements-fuer-bildung-in-laos\/\" target=\"_blank\" rel=\"noopener\">&#8220;Stiftung Engel f\u00fcr Kinder feiert 20 Jahre des Engagements f\u00fcr Bildung in Laos&#8221;<\/a><\/li>\n<li>Oberpfalzecho 06.08.2023: <a href=\"https:\/\/www.oberpfalzecho.de\/beitrag\/ausgezeichnete-laotische-auszubildende-in-weiherhammer\" target=\"_blank\" rel=\"noopener\">\u201eAusgezeichnete laotische Auszubildende in Weiherhammer\u201c<\/a><\/li>\n<li>Oberpfalzecho 26.06.2023: <a href=\"https:\/\/www.oberpfalzecho.de\/beitrag\/ausbau-der-deutsch-laotischen-bildungskooperation\" target=\"_blank\" rel=\"noopener\">\u201eAusbau der deutsch-laotischen Bildungskooperation\u201c<\/a><\/li>\n<li>Onetz 08.05.2023: <a href=\"https:\/\/www.onetz.de\/oberpfalz\/weiherhammer\/schirmitzer-teeniechor-glaenzt-innovision-center-grossem-publikum-id4116094.html\" target=\"_blank\" rel=\"noopener\">\u201eSchirmitzer Teeniechor gl\u00e4nzt im Innovision Center vor gro\u00dfem Publikum\u201c<\/a><\/li>\n<li>News-Research 20.03.2023: <a href=\"https:\/\/www.news-research.net\/2023\/03\/feierlichkeiten-am-lao-german-technical-college\/\" target=\"_blank\" rel=\"noopener\">\u201eFeierlichkeiten am Lao-German Technical College\u201c<\/a><\/li>\n<li>Onetz 20.05.2022: <a href=\"https:\/\/www.onetz.de\/oberpfalz\/weiherhammer\/ausbildung-laos-weiherhammer-id3543793.html?client_id=nativemedia&amp;redirect_uri=https%3A%2F%2Fwww.onetz.de%2F\" target=\"_blank\" rel=\"noopener\">\u201e Zur Ausbildung von Laos nach Weiherhammer\u201c<\/a><\/li>\n<li>The lao experience 21.12.2021: <a href=\"https:\/\/www.thelaosexperience.com\/my-new-life-in-germany\/\" target=\"_blank\" rel=\"noopener\">\u201eMy new life in Germany\u201d by Outh Sinminah (LGTC)<\/a><\/li>\n<li>Onetz 07.12.2021: <a href=\"https:\/\/www.onetz.de\/oberpfalz\/erbendorf\/virtuelles-orchester-spielt-believe-you-markus-ringer-id3375916.html?cx_testId=3&amp;cx_testVariant=cx_undefined&amp;cx_artPos=1#cxrecs_s\" target=\"_blank\" rel=\"noopener\">Virtuelles Orchester spielt \u201eBelieve in you\u201c von Markus Ringer<\/a><\/li>\n<li>International Paper Board Industry <a href=\"https:\/\/engel-fuer-kinder.de\/wp-content\/uploads\/2016\/06\/Int.PaperBoard_Angels_for_Children_give_good_get_good.pdf\">&#8220;Angels for Children: give good get good&#8221;<\/a><\/li>\n<li>Der Neue Tag 09.08.2017: &#8220;<a href=\"https:\/\/engel-fuer-kinder.de\/wp-content\/uploads\/2016\/06\/20170809_DNT_Die_Laos_Stifterin.pdf\">Die Laos-Stifterin&#8221;<\/a><\/li>\n<li>Der Neue Tag 20.03.2017: &#8220;<a href=\"https:\/\/engel-fuer-kinder.de\/wp-content\/uploads\/2017\/03\/20170320_DNT_Posaunenchor.pdf\">Mit Posaunen nach Laos&#8221;<\/a><\/li>\n<li>Straubinger Tagblatt 15.03.2017: &#8220;<a href=\"https:\/\/engel-fuer-kinder.de\/wp-content\/uploads\/2016\/06\/20170315_Ausgemusterte_Laptops_f\u00fcr_AfC_Straubinger_Tagblatt.pdf\">Ausgemusterte Laptops f\u00fcr Stiftung &#8220;Engel f\u00fcr Kinder&#8221;<\/a><\/li>\n<li>O.netz 23.02.2017: <a href=\"https:\/\/www.onetz.de\/floss\/vermischtes\/abflug-nach-laos-flosser-posaunenchor-besucht-gerlinde-engel-d1732533.html\">&#8220;Abflug nach Laos: Flosser Posaunenchor besucht Gerlinde Engel&#8221;<\/a><\/li>\n<li>PH Aktuell (p. 10)<em>:<\/em> <a href=\"https:\/\/www.ph-karlsruhe.de\/fileadmin\/user_upload\/hochschule\/aktuelles\/pdf\/17_02_PH_AKTUELL_WiSe_2016_17_1_kl.pdf\">&#8220;Teaching English in Laos &#8211; 2. Projektjahr&#8221;<\/a><\/li>\n<li>Vientiane Times 06 January 2017: &#8220;German company lends support to job skills training&#8221;<\/li>\n<li>Oberpfalzecho 17.12.2016: <a href=\"http:\/\/www.oberpfalzecho.de\/2016\/12\/tuerchen-17-ein-herzensprojekt-engel-fuer-kinder\/\">&#8220;T\u00fcrchen 17: Ein Herzensprojekt &#8220;Engel f\u00fcr Kinder&#8221;<\/a><\/li>\n<li>Jahresbericht 2015\/16 der P\u00e4dagogischen Hochschule Karlsruhe (p.20-21): &#8220;Englisch unterrichten in Laos: Terra Incognita &#8211; Experiment und Abenteuer&#8221;<\/li>\n<li>Oberpfalzecho 14.10.2016: <a href=\"http:\/\/www.oberpfalzecho.de\/2016\/10\/dr-gerd-mueller-befuerwortet-bhs-projekt-da-geht-einem-das-herz-auf\/\">&#8220;Dr. Gerd M\u00fcller bef\u00fcrwortet BHS-Projekt: &#8220;Da geht einem das Herz auf!&#8221;<\/a><\/li>\n<li>BHS Corrugated 14.10.2016: <a href=\"http:\/\/www.bhs-world.com\/89news.php?wpf_news_id=1993#news1993\">&#8220;German development minister visits BHS Corrugated&#8221;<\/a><\/li>\n<li>O.netz 13.10.2016: <a href=\"http:\/\/www.onetz.de\/weiherhammer\/politik\/entwicklungshilfeminister-gerd-mueller-lernt-von-hilfsprojekten-eines-familienunternehmens-damit-die-probleme-nicht-nach-deutschland-kommen-d1702991.html?cp=Kurationsbox\">&#8220;Damit die Probleme nicht nach Deutschland kommen&#8221;<\/a><\/li>\n<li>Oberpfalz TV 13.10.2016: <a href=\"https:\/\/www.otv.de\/mediathek\/kategorie\/die-nachrichten\/video\/bildung-ist-der-schluessel\/\">&#8220;Bildung ist der Schl\u00fcssel&#8221;<\/a><\/li>\n<li>Auriska PH Podcast 23.08.2016: <a href=\"http:\/\/www.zim.ph-karlsruhe.de\/wordpress\/?p=2977\">&#8220;Podcast 92 &#8211; The Laos Experience&#8221;<\/a><\/li>\n<li>Badische Neuste Nachrichten (14.07.2016): <a href=\"https:\/\/engel-fuer-kinder.de\/wp-content\/uploads\/2016\/06\/Artikelansicht-ePaper-Von-unserem-Redaktionsmitglied-Tina-Kampf.pdf\">Schulen als kleine Oasen.<\/a><\/li>\n<li>Dialog. Bildungsjournal der PH Karlsruhe (3\/1) 2016, 54-55.<br \/>\n&#8220;The Laos Experience: Pilotprojekt &#8216;Teaching English in Laos&#8221; der P\u00e4dagogischen Hochschule Karlsruhe und der Stiftung &#8216;Engel f\u00fcr Kinder'&#8221;<\/li>\n<li>Der Neue Tag (08.04.2016): <a href=\"http:\/\/www.onetz.de\/weiherhammer\/vermischtes\/oberpfaelzer-hilfe-in-laos-eine-gute-zukunft-fuer-1500-kinder-d1657985.html\">Oberpf\u00e4lzer Hilfe f\u00fcr Laos<\/a><\/li>\n<li>Embassy of the Federal Republic of Germany Vientiane &#8211; Homepage 19.02.2016:\u00a0<a href=\"http:\/\/www.vientiane.diplo.de\/Vertretung\/vientiane\/en\/__pr\/Angels__for__Children__Sikeud__School.html\">\u201cAngels for Children\u201d school in Ban Sikeud honored as model school of Vientiane Capital Province<\/a><\/li>\n<li>Badische Neuste Nachrichten (02.02.2016): Good Morning Laos.<\/li>\n<li>Embassy of the Federal Republic of Germany Vientiane &#8211; Homepage, 5.1.2016: <a href=\"http:\/\/www.vientiane.diplo.de\/Vertretung\/vientiane\/en\/__pr\/Innovative__teaching.html?archive=4573580\">Innovative teaching of English language for early learners in regular public primary schools<\/a><\/li>\n<li>Embassy of the Federal Republic of Germany Vientiane &#8211; Homepage, 05.11.2015<br \/>\n<a href=\"http:\/\/www.vientiane.diplo.de\/Vertretung\/vientiane\/en\/__pr\/Angels__for__Children.html?archive=4573580\">Angels for Children\u201c-Foundation assures vocational training for outstanding students of Lao schools<\/a><\/li>\n<li>O.netz 16.07.2015: <a href=\"http:\/\/www.onetz.de\/weiden-in-der-oberpfalz\/lokales\/stiftung-engel-fuer-kinder-zwei-studentinnen-berichten-ueber-ihre-erfahrungen-in-laos-ein-besuch-der-alles-veraendert-d21938.html\">Ein Besuch der alles ver\u00e4ndert<\/a><\/li>\n<li>Oberpf\u00e4lzer Wochenzeitung 15.07.2015: <a href=\"http:\/\/www.owz-online.de\/owz\/4654253-132-die-engel-besuchen,1,0.html\">Die Engel besuchen: Herrn Nanthavongdouangsys unglaubliche Erlebnisse<\/a><\/li>\n<li>O.netz 10.07.2015: <a href=\"http:\/\/www.onetz.de\/weiherhammer\/lokales\/unterwegs-mit-fuenf-laoten-d966001.html\" target=\"_blank\" rel=\"noopener\">Unterwegs mit f\u00fcnf Laoten<\/a><\/li>\n<li>Vientiane Times (07.02.2015): <a href=\"https:\/\/engel-fuer-kinder.de\/wp-content\/uploads\/2016\/06\/20150217-VT_-A-growing-pearl-on-the-outskirts-of-Vientiane.pdf\">A growing pearl on the outskirts of Vientiane.<\/a><\/li>\n<li>Embassy of the Federal Republic of Germany Vientiane &#8211; Homepage, 02.03.2015: <a href=\"http:\/\/www.vientiane.diplo.de\/Vertretung\/vientiane\/en\/__pr\/Stiftung_20Dt_20Engel_20f_C3_BCr_20Kinder.html?archive=4573580\">German Angels for Children (AFC) Foundation supporting 3 Lao public schools in Ban Sikeud and Gan Phang Haeng, Vientiane Province<\/a><\/li>\n<li>Spiegel Online (18.11.2012): <a href=\"http:\/\/www.spiegel.de\/schulspiegel\/ausland\/schule-in-laos-deutsche-rektorin-fuehrt-strenges-regiment-in-asien-a-867714.html\" target=\"_blank\" rel=\"noopener\">Deutsche Rektorin in Laos: Frau Engels strenges Schulregiment<\/a><\/li>\n<li>Frankfurter Neue Presse (15.11.2012): <a href=\"http:\/\/www.fnp.de\/nachrichten\/panorama\/Ein-Engel-als-guter-Geist-Pensionaerin-schmeisst-Schule-in-Laos;art685,231826\">Ein Engel als guter Geist: Pension\u00e4rin schmei\u00dft Schule in Laos.<\/a><\/li>\n<li>Tim Cole (30.05.2010): <a href=\"http:\/\/www.cole.de\/der-drachen-von-sikeud\/\" target=\"_blank\" rel=\"noopener\">Der Drachen von Sikeud<\/a><\/li>\n<li>Der Neue Tag (17.08.2006): <a href=\"https:\/\/engel-fuer-kinder.de\/wp-content\/uploads\/2016\/06\/20060817-Neuer-Tag_-Kinder-bekommen-eine-Zukunft.pdf\">Kinder bekommen eine Zukunft.<\/a><\/li>\n<\/ul>\n","protected":false},"excerpt":{"rendered":"<p>Press releases on the foundation&#8217;s work, in German and English language: &nbsp; Onetz 24.04.2024: &#8220;\u00dcberraschende Ank\u00fcndigung am Ende des Konzertes des Teeniechors in Weiherhammer&#8221; Oberpfalzecho 01.03.2024: &#8220;Vom mittellosen Sch\u00fcler zum erfolgreichen Facharbeiter&#8221; Nachrichten Oberpfalz 16.12.2023: &#8220;Stiftung Engel f\u00fcr Kinder feiert 20 Jahre des Engagements f\u00fcr Bildung in Laos&#8221; Oberpfalzecho 06.08.2023: [&hellip;]<\/p>\n","protected":false},"author":10,"featured_media":2198,"parent":0,"menu_order":0,"comment_status":"closed","ping_status":"closed","template":"template-full-width.php","meta":{"footnotes":""},"class_list":["post-2277","page","type-page","status-publish","has-post-thumbnail","hentry"],"yoast_head":"<!-- This site is optimized with the Yoast SEO plugin v24.3 - https:\/\/yoast.com\/wordpress\/plugins\/seo\/ -->\n<title>Press releases - Angels for Children (EN)<\/title>\n<meta name=\"description\" content=\"A collection of press releases on the foundation Angels for Children in German and English.\" \/>\n<meta name=\"robots\" content=\"index, follow, max-snippet:-1, max-image-preview:large, max-video-preview:-1\" \/>\n<link rel=\"canonical\" href=\"https:\/\/engel-fuer-kinder.de\/en\/presseberichte\/\" \/>\n<meta property=\"og:locale\" content=\"en_GB\" \/>\n<meta property=\"og:type\" content=\"article\" \/>\n<meta property=\"og:title\" content=\"Press releases - Angels for Children (EN)\" \/>\n<meta property=\"og:description\" content=\"A collection of press releases on the foundation Angels for Children in German and English.\" \/>\n<meta property=\"og:url\" content=\"https:\/\/engel-fuer-kinder.de\/en\/presseberichte\/\" \/>\n<meta property=\"og:site_name\" content=\"Angels for Children (EN)\" \/>\n<meta property=\"article:modified_time\" content=\"2024-05-07T14:50:56+00:00\" \/>\n<meta property=\"og:image\" content=\"https:\/\/engel-fuer-kinder.de\/en\/wp-content\/uploads\/sites\/2\/2016\/04\/DSC_0304.jpg\" \/>\n\t<meta property=\"og:image:width\" content=\"2048\" \/>\n\t<meta property=\"og:image:height\" content=\"1365\" \/>\n\t<meta property=\"og:image:type\" content=\"image\/jpeg\" \/>\n<meta name=\"twitter:card\" content=\"summary_large_image\" \/>\n<meta name=\"twitter:label1\" content=\"Estimated reading time\" \/>\n\t<meta name=\"twitter:data1\" content=\"3 minutes\" \/>\n<script type=\"application\/ld+json\" class=\"yoast-schema-graph\">{\"@context\":\"https:\/\/schema.org\",\"@graph\":[{\"@type\":\"WebPage\",\"@id\":\"https:\/\/engel-fuer-kinder.de\/en\/presseberichte\/\",\"url\":\"https:\/\/engel-fuer-kinder.de\/en\/presseberichte\/\",\"name\":\"Press releases - Angels for Children (EN)\",\"isPartOf\":{\"@id\":\"https:\/\/engel-fuer-kinder.de\/en\/#website\"},\"primaryImageOfPage\":{\"@id\":\"https:\/\/engel-fuer-kinder.de\/en\/presseberichte\/#primaryimage\"},\"image\":{\"@id\":\"https:\/\/engel-fuer-kinder.de\/en\/presseberichte\/#primaryimage\"},\"thumbnailUrl\":\"https:\/\/engel-fuer-kinder.de\/en\/wp-content\/uploads\/sites\/2\/2016\/04\/DSC_0304.jpg\",\"datePublished\":\"2016-06-27T09:54:39+00:00\",\"dateModified\":\"2024-05-07T14:50:56+00:00\",\"description\":\"A collection of press releases on the foundation Angels for Children in German and English.\",\"inLanguage\":\"en-GB\",\"potentialAction\":[{\"@type\":\"ReadAction\",\"target\":[\"https:\/\/engel-fuer-kinder.de\/en\/presseberichte\/\"]}]},{\"@type\":\"ImageObject\",\"inLanguage\":\"en-GB\",\"@id\":\"https:\/\/engel-fuer-kinder.de\/en\/presseberichte\/#primaryimage\",\"url\":\"https:\/\/engel-fuer-kinder.de\/en\/wp-content\/uploads\/sites\/2\/2016\/04\/DSC_0304.jpg\",\"contentUrl\":\"https:\/\/engel-fuer-kinder.de\/en\/wp-content\/uploads\/sites\/2\/2016\/04\/DSC_0304.jpg\",\"width\":2048,\"height\":1365,\"caption\":\"Lao graffiti\"},{\"@type\":\"WebSite\",\"@id\":\"https:\/\/engel-fuer-kinder.de\/en\/#website\",\"url\":\"https:\/\/engel-fuer-kinder.de\/en\/\",\"name\":\"Angels for Children (EN)\",\"description\":\"Angels for Children\",\"potentialAction\":[{\"@type\":\"SearchAction\",\"target\":{\"@type\":\"EntryPoint\",\"urlTemplate\":\"https:\/\/engel-fuer-kinder.de\/en\/?s={search_term_string}\"},\"query-input\":{\"@type\":\"PropertyValueSpecification\",\"valueRequired\":true,\"valueName\":\"search_term_string\"}}],\"inLanguage\":\"en-GB\"}]}<\/script>\n<!-- \/ Yoast SEO plugin. -->","yoast_head_json":{"title":"Press releases - Angels for Children (EN)","description":"A collection of press releases on the foundation Angels for Children in German and English.","robots":{"index":"index","follow":"follow","max-snippet":"max-snippet:-1","max-image-preview":"max-image-preview:large","max-video-preview":"max-video-preview:-1"},"canonical":"https:\/\/engel-fuer-kinder.de\/en\/presseberichte\/","og_locale":"en_GB","og_type":"article","og_title":"Press releases - Angels for Children (EN)","og_description":"A collection of press releases on the foundation Angels for Children in German and English.","og_url":"https:\/\/engel-fuer-kinder.de\/en\/presseberichte\/","og_site_name":"Angels for Children (EN)","article_modified_time":"2024-05-07T14:50:56+00:00","og_image":[{"width":2048,"height":1365,"url":"https:\/\/engel-fuer-kinder.de\/en\/wp-content\/uploads\/sites\/2\/2016\/04\/DSC_0304.jpg","type":"image\/jpeg"}],"twitter_card":"summary_large_image","twitter_misc":{"Estimated reading time":"3 minutes"},"schema":{"@context":"https:\/\/schema.org","@graph":[{"@type":"WebPage","@id":"https:\/\/engel-fuer-kinder.de\/en\/presseberichte\/","url":"https:\/\/engel-fuer-kinder.de\/en\/presseberichte\/","name":"Press releases - Angels for Children (EN)","isPartOf":{"@id":"https:\/\/engel-fuer-kinder.de\/en\/#website"},"primaryImageOfPage":{"@id":"https:\/\/engel-fuer-kinder.de\/en\/presseberichte\/#primaryimage"},"image":{"@id":"https:\/\/engel-fuer-kinder.de\/en\/presseberichte\/#primaryimage"},"thumbnailUrl":"https:\/\/engel-fuer-kinder.de\/en\/wp-content\/uploads\/sites\/2\/2016\/04\/DSC_0304.jpg","datePublished":"2016-06-27T09:54:39+00:00","dateModified":"2024-05-07T14:50:56+00:00","description":"A collection of press releases on the foundation Angels for Children in German and English.","inLanguage":"en-GB","potentialAction":[{"@type":"ReadAction","target":["https:\/\/engel-fuer-kinder.de\/en\/presseberichte\/"]}]},{"@type":"ImageObject","inLanguage":"en-GB","@id":"https:\/\/engel-fuer-kinder.de\/en\/presseberichte\/#primaryimage","url":"https:\/\/engel-fuer-kinder.de\/en\/wp-content\/uploads\/sites\/2\/2016\/04\/DSC_0304.jpg","contentUrl":"https:\/\/engel-fuer-kinder.de\/en\/wp-content\/uploads\/sites\/2\/2016\/04\/DSC_0304.jpg","width":2048,"height":1365,"caption":"Lao graffiti"},{"@type":"WebSite","@id":"https:\/\/engel-fuer-kinder.de\/en\/#website","url":"https:\/\/engel-fuer-kinder.de\/en\/","name":"Angels for Children (EN)","description":"Angels for Children","potentialAction":[{"@type":"SearchAction","target":{"@type":"EntryPoint","urlTemplate":"https:\/\/engel-fuer-kinder.de\/en\/?s={search_term_string}"},"query-input":{"@type":"PropertyValueSpecification","valueRequired":true,"valueName":"search_term_string"}}],"inLanguage":"en-GB"}]}},"_links":{"self":[{"href":"https:\/\/engel-fuer-kinder.de\/en\/wp-json\/wp\/v2\/pages\/2277","targetHints":{"allow":["GET"]}}],"collection":[{"href":"https:\/\/engel-fuer-kinder.de\/en\/wp-json\/wp\/v2\/pages"}],"about":[{"href":"https:\/\/engel-fuer-kinder.de\/en\/wp-json\/wp\/v2\/types\/page"}],"author":[{"embeddable":true,"href":"https:\/\/engel-fuer-kinder.de\/en\/wp-json\/wp\/v2\/users\/10"}],"replies":[{"embeddable":true,"href":"https:\/\/engel-fuer-kinder.de\/en\/wp-json\/wp\/v2\/comments?post=2277"}],"version-history":[{"count":24,"href":"https:\/\/engel-fuer-kinder.de\/en\/wp-json\/wp\/v2\/pages\/2277\/revisions"}],"predecessor-version":[{"id":3801,"href":"https:\/\/engel-fuer-kinder.de\/en\/wp-json\/wp\/v2\/pages\/2277\/revisions\/3801"}],"wp:featuredmedia":[{"embeddable":true,"href":"https:\/\/engel-fuer-kinder.de\/en\/wp-json\/wp\/v2\/media\/2198"}],"wp:attachment":[{"href":"https:\/\/engel-fuer-kinder.de\/en\/wp-json\/wp\/v2\/media?parent=2277"}],"curies":[{"name":"wp","href":"https:\/\/api.w.org\/{rel}","templated":true}]}}